{"id":27,"date":"2025-11-05T16:16:19","date_gmt":"2025-11-05T15:16:19","guid":{"rendered":"https:\/\/aapp.sk\/?page_id=27"},"modified":"2026-03-09T16:51:55","modified_gmt":"2026-03-09T15:51:55","slug":"odporucane-linky","status":"publish","type":"page","link":"https:\/\/aapp.sk\/index.php\/odporucane-linky\/","title":{"rendered":"Odpor\u00fa\u010dan\u00e9 linky"},"content":{"rendered":"<h3>Podnikanie<\/h3>\n<p>M\u00e1te vo\u013en\u00e9 prostriedky a chcete ich investova\u0165. H\u013ead\u00e1te investi\u010dn\u00fa pr\u00edle\u017eitos\u0165 ktor\u00e1 V\u00e1m zaist\u00ed kontinu\u00e1lny pr\u00edjem. Chcete za\u010da\u0165 podnika\u0165. Chcete roz\u0161\u00edri\u0165 svoje podnikate\u013esk\u00e9 aktivity. H\u013ead\u00e1te \u010fa\u013e\u0161\u00ed zdroj pr\u00edjmu. Chcete sa nau\u010di\u0165 nie\u010do nov\u00e9. Ak V\u00e1s aspo\u0148 jedno vyjadrenie vystihuje, ur\u010dite sa pozrite na str\u00e1nku: <a href=\"https:\/\/firmy.aapp.sk\/\" target=\"_blank\" rel=\"noopener noreferrer\">http:\/\/www.firmy.aapp.sk<\/a> . Na str\u00e1nke n\u00e1jdete <a href=\"https:\/\/firmy.aapp.sk\/\">funguj\u00face firmy na predaj<\/a>, pr\u00edpadne in\u00e9 podnikate\u013esk\u00e9\/ investi\u010dn\u00e9 pr\u00edle\u017eitosti.<\/p>\n<p>Chcetehttp:\/\/www.firmy.aapp.sk ma\u0165 istotu, \u017ee si vyber\u00e1te <strong>spr\u00e1vneho \u010dloveka<\/strong>? D\u00e1te pr\u00edle\u017eitos\u0165 V\u00e1\u0161mu t\u00edmu pozrie\u0165 sa &#8222;zvonka&#8220; na svoje siln\u00e9 str\u00e1nky, ktor\u00e9 m\u00f4\u017ee \u010falej rozv\u00edja\u0165 a zvy\u0161ova\u0165 svoju efektivitu, av\u0161ak aj na pr\u00edle\u017eitosti na zlep\u0161enie? M\u00e1te pocit, \u017ee nie\u010do vo Va\u0161om t\u00edme nefunguje \u00faplne ide\u00e1lne a zauj\u00edma V\u00e1s \u010do to je? Alebo to mo\u017eno aj viete, ale potrebujete, aby to na vlastn\u00e9 o\u010di videli aj niektor\u00ed \u010dlenovia t\u00edmu? Sk\u00faste nav\u0161t\u00edvi\u0165 str\u00e1nku <a href=\"https:\/\/hr.goescape.sk\/\">HR.GoEscape.sk<\/a>. Mo\u017eno pr\u00e1ve VR technol\u00f3gia pom\u00f4\u017ee tam, kde klasick\u00e9 met\u00f3dy nesta\u010dia.<\/p>\n<p>Ste men\u0161ia firma\/ za\u010d\u00ednaj\u00faci podnikate\u013e a vn\u00edmate, \u017ee by bolo treba ma\u0165 aj <a href=\"https:\/\/web.novadimenzia.sk\/\">web str\u00e1nku<\/a> (pr\u00edpadne t\u00fa \u010do m\u00e1te pozdvihn\u00fa\u0165 na aktu\u00e1lny \u0161tandard)? Na adrese <a href=\"https:\/\/web.novadimenzia.sk\/\">web.NovaDimenzia.sk<\/a> zaobstar\u00e1te slu\u0161n\u00fd v\u00fdsledok aj s obmedzen\u00fdm rozpo\u010dtom.<\/p>\n<h3>Vo\u013en\u00fd \u010das, eventy akcie<\/h3>\n<p>Jedine\u010dn\u00e1 fotob\u00fadka funnybox na skuto\u010dne dobr\u00e9 t\u00edmbildingy, svadby, firemn\u00e9 prezent\u00e1cie, oslavy, dni obce, hody, p\u00e1rty, stret\u00e1vky, &#8230;, &#8230;, &#8230; . V\u0161etko potrebn\u00e9 zist\u00edte na: <a href=\"http:\/\/www.funnybox.sk\" target=\"_blank\" rel=\"noopener noreferrer\">http:\/\/www.funnybox.sk<\/a>\u00a0.<\/p>\n<p>Ak chcete skuto\u010dne ak\u010dn\u00fd a zauj\u00edmav\u00fd\u00a0t\u00edmbilding, oslavu, dni obce, hody, p\u00e1rty, stret\u00e1vku, rodinn\u00fa akciu. ur\u010dite sa pozrite na <a href=\"http:\/\/www.lasertag.sk\" target=\"_blank\" rel=\"noopener noreferrer\">http:\/\/www.lasertag.sk<\/a>. Lasertag (alebo laser-tag\/ lasergame) si m\u00f4\u017eete zahra\u0165 prakticky kdeko\u013evek. Zd\u00e1 sa V\u00e1m, \u017ee na Va\u0161om teambuildingu\/ akcii nie je kde sa skry\u0165? Pova\u017eujte za vyrie\u0161en\u00e9 &#8211; na\u0161e profesion\u00e1lne nafukovacie prek\u00e1\u017eky vytvoria <a href=\"https:\/\/www.lasertag.sk\/\">lasertagov\u00e9 ihrisko<\/a> hoci aj v telocvi\u010dni \u010di parku.<\/p>\n<p>Absol\u00fatne netradi\u010dn\u00fd z\u00e1\u017eitok je n\u00e1v\u0161teva escape room vo virtu\u00e1lnej realite. Len tam pochop\u00edte, \u017ee Matrix nemus\u00ed by\u0165 a\u017e tak\u00e9 sience fiction, ako by sa na prv\u00fd poh\u013ead mohlo zda\u0165. V\u00e1\u0161 2 a\u017e 6 \u010dlenn\u00fd t\u00edm sa m\u00f4\u017ee vybra\u0165 na v\u00fdlet do vesm\u00edru, na oce\u00e1nske dno, postavi\u0165 sa zo\u010di vo\u010di drakom, cestova\u0165 v \u010dase \u010di pok\u00fasi\u0165 sa o \u00fanik zo sp\u00e1rov laserbotov. Viac o escape room na <a href=\"https:\/\/GoEscape.sk\">https:\/\/GoEscape.sk<\/a>. A pozor, VR escape room m\u00f4\u017ee pr\u00eds\u0165 aj za Vami\/ na Va\u0161u akciu.<\/p>\n<p>Radi by ste si u\u017eil virtu\u00e1lnu realitu, no ste limitovan\u00fd \u010dasom\/ miestom? TOP atrakciou m\u00f4\u017eu by\u0165 <a href=\"https:\/\/herna.goescape.sk\/\">t\u00edmov\u00e9 VR hry<\/a>, alebo jednoducho klasick\u00e9 stanovisko s <a href=\"https:\/\/vr.goescape.sk\/\">virtu\u00e1lnou realitou<\/a>.<\/p>\n<p><a href=\"https:\/\/funtrek.sk\/\">Vonkaj\u0161ie \u00fanikov\u00e9 hry<\/a> s\u00fa skvelou aktivitou ako pre rodiny, kamar\u00e1tov, kluby, &#8230; tak aj pre pracovn\u00e9 kolekt\u00edvy \u010di firmy. Spravte svoj teambuilding \u00faplne netradi\u010dne, vyu\u017eite mo\u017enos\u0165 prisp\u00f4sobenia \u00fanikovej hry pr\u00e1ve pre Va\u0161u akciu\/ kolekt\u00edv. Na str\u00e1nke <a href=\"https:\/\/funtrek.sk\/\">FunTrek.sk<\/a> z\u00edskate in\u0161pir\u00e1ciu ako pre s\u00fakromn\u00e9, tak aj pre firemn\u00e9 akcie.<\/p>\n<p>In\u0161pir\u00e1cie pri pl\u00e1novan\u00ed <strong>teambuildingu<\/strong> \u010di <strong>eventu<\/strong> alebo <strong>oslavy<\/strong> na\u010derp\u00e1te na str\u00e1nke <a href=\"https:\/\/event.novadimenzia.sk\/\">Evenet.NovaDimenzia.sk<\/a>. Alebo si dajte spravi\u0165 <strong>akciu na k\u013e\u00fa\u010d<\/strong>.<\/p>\n","protected":false},"excerpt":{"rendered":"<p>Podnikanie M\u00e1te vo\u013en\u00e9 prostriedky a chcete ich investova\u0165. H\u013ead\u00e1te investi\u010dn\u00fa pr\u00edle\u017eitos\u0165 ktor\u00e1 V\u00e1m zaist\u00ed kontinu\u00e1lny pr\u00edjem. Chcete za\u010da\u0165 podnika\u0165. Chcete roz\u0161\u00edri\u0165 svoje podnikate\u013esk\u00e9 aktivity. H\u013ead\u00e1te \u010fa\u013e\u0161\u00ed zdroj pr\u00edjmu. Chcete sa nau\u010di\u0165 nie\u010do nov\u00e9. Ak V\u00e1s aspo\u0148 jedno vyjadrenie vystihuje, ur\u010dite sa pozrite na str\u00e1nku: http:\/\/www.firmy.aapp.sk . Na str\u00e1nke n\u00e1jdete funguj\u00face firmy na predaj, pr\u00edpadne in\u00e9 &hellip;<\/p>\n<p class=\"read-more\"> <a class=\"\" href=\"https:\/\/aapp.sk\/index.php\/odporucane-linky\/\"> <span class=\"screen-reader-text\">Odpor\u00fa\u010dan\u00e9 linky<\/span>\u010c\u00edtajte viac &raquo;<\/a><\/p>\n","protected":false},"author":1,"featured_media":0,"parent":0,"menu_order":0,"comment_status":"closed","ping_status":"closed","template":"","meta":{"footnotes":""},"class_list":["post-27","page","type-page","status-publish","hentry"],"_links":{"self":[{"href":"https:\/\/aapp.sk\/index.php\/wp-json\/wp\/v2\/pages\/27","targetHints":{"allow":["GET"]}}],"collection":[{"href":"https:\/\/aapp.sk\/index.php\/wp-json\/wp\/v2\/pages"}],"about":[{"href":"https:\/\/aapp.sk\/index.php\/wp-json\/wp\/v2\/types\/page"}],"author":[{"embeddable":true,"href":"https:\/\/aapp.sk\/index.php\/wp-json\/wp\/v2\/users\/1"}],"replies":[{"embeddable":true,"href":"https:\/\/aapp.sk\/index.php\/wp-json\/wp\/v2\/comments?post=27"}],"version-history":[{"count":6,"href":"https:\/\/aapp.sk\/index.php\/wp-json\/wp\/v2\/pages\/27\/revisions"}],"predecessor-version":[{"id":46,"href":"https:\/\/aapp.sk\/index.php\/wp-json\/wp\/v2\/pages\/27\/revisions\/46"}],"wp:attachment":[{"href":"https:\/\/aapp.sk\/index.php\/wp-json\/wp\/v2\/media?parent=27"}],"curies":[{"name":"wp","href":"https:\/\/api.w.org\/{rel}","templated":true}]}}